{"id":197,"date":"2025-07-20T09:44:44","date_gmt":"2025-07-20T07:44:44","guid":{"rendered":"https:\/\/agostea.de\/WP\/?page_id=197"},"modified":"2025-07-20T09:50:11","modified_gmt":"2025-07-20T07:50:11","slug":"einlass","status":"publish","type":"page","link":"https:\/\/agostea.de\/WP\/einlass\/","title":{"rendered":"Einlass"},"content":{"rendered":"\t\t<div data-elementor-type=\"wp-page\" data-elementor-id=\"197\" class=\"elementor elementor-197\">\n\t\t\t\t<div class=\"elementor-element elementor-element-5f9022b e-grid e-con-boxed e-con e-parent\" data-id=\"5f9022b\" data-element_type=\"container\" data-e-type=\"container\" data-settings=\"{&quot;background_background&quot;:&quot;classic&quot;}\">\n\t\t\t\t\t<div class=\"e-con-inner\">\n\t\t<div class=\"elementor-element elementor-element-4fcf30d e-con-full e-flex e-con e-child\" data-id=\"4fcf30d\" data-element_type=\"container\" data-e-type=\"container\">\n\t\t\t\t<div class=\"elementor-element elementor-element-36f1ece elementor-widget__width-initial elementor-widget elementor-widget-text-editor\" data-id=\"36f1ece\" data-element_type=\"widget\" data-e-type=\"widget\" data-widget_type=\"text-editor.default\">\n\t\t\t\t\t\t\t\t\t<h6><strong><span style=\"color: #000000;\">Einlasspolitik des Agostea Bamberg<br \/><\/span><\/strong><span style=\"color: #000000;\">Das Agostea begr\u00fc\u00dft alle G\u00e4ste unabh\u00e4ngig von ihrer kulturellen, ethnischen, religi\u00f6sen oder sexuellen Zugeh\u00f6rigkeit oder Identit\u00e4t, um eine gute Zeit bei uns zu verbringen. Diskriminierung hei\u00dfen wir an unserer T\u00fcr nicht gut. Unsere T\u00fcrsteher werden entsprechend angewiesen und nach diesen Grunds\u00e4tzen geschult.<\/span><br \/><span style=\"color: #000000;\">Nichts desto trotz kann es zu Abweisungen an unserer T\u00fcr kommen. Um Missverst\u00e4ndnisse und Frustration bei unseren G\u00e4sten zu vermeiden, stellen wir hier dar, welche Voraussetzungen gegeben sind, um einen unbeschwerten Abend im Agostea zu erleben.<\/span><br \/><span style=\"color: #000000;\">Das Hausrecht gibt uns den Spielraum G\u00e4ste abzuweisen wenn diese alkoholisiert, bereits aufgefallen sind und deswegen Hausverbot erteilt bekommen haben oder wenn diese Drogen konsumiert haben oder bei sich tragen.<\/span><br \/><span style=\"color: #000000;\">Um sicher zu sein, dass alle G\u00e4ste einen entspannten und anregenden Abend verleben, legen wir gro\u00dfen Wert auf Freundlichkeit. G\u00e4ste, die an der T\u00fcr mit Unfreundlichkeit gl\u00e4nzen oder aggressiv sind, werden wir nicht einlassen. Diesen freundlichen und entspannten Umgang w\u00fcnschen wir uns dann auch f\u00fcr den Rest des Besuches bei uns.<\/span><\/h6><h6><strong><span style=\"color: #000000;\">Kleiderordnung<\/span><\/strong><br \/><span style=\"color: #000000;\">Auch wenn wir (au\u00dfer bei thematischen Parties) keine feste Kleiderordnung haben, bitten wir darum nicht in Sportkleidung zu kommen. Ein bisschen schick darf es durchaus sein.<\/span><br \/><span style=\"color: #000000;\">Sollte es bei einem Besuch im Agostea zu Streit kommen, sehen wir uns gezwungen beide Parteien des Lokales zu verweisen.<\/span><br \/><span style=\"color: #000000;\">Wir empfinden es als angemessen in F\u00e4llen von Abweisungen jedem abgewiesenen Gast den Grund der Abweisung zu nennen. Dies erlaubt wo eigenes Verhalten zur Abweisung gef\u00fchrt hat, dieses Verhalten zu \u00fcberdenken und zu ver\u00e4ndern und dann gegebenenfalls beim n\u00e4chsten Mal eingelassen zu werden.<\/span><br \/><span style=\"color: #000000;\">Bedauerlicherweise erleben wir mitunter, dass Personen diese Abweisungsgr\u00fcnde nicht akzeptieren. Dies ist sehr bedauerlich, \u00e4ndert aber nichts an dieser spezifischen Abweisung.<\/span><br \/><span style=\"color: #000000;\">Unsere T\u00fcrsteher sind angehalten keine diskriminierende Einlasskontrolle durchzuf\u00fchren. Wenn sie trotz unserer Vorkehrungen den Eindruck erlangen, dass sie ungerechtfertigt abgewiesen wurden, k\u00f6nnen sie eine Beschwerde einreichen. Bitte nehmen sie Kontakt mit der Gesch\u00e4ftsf\u00fchrung (info@agostea.de) auf. Geben sie an wann sie abgewiesen wurden und welcher Abweisungsgrund ihnen genannt wurde. Die Gesch\u00e4ftsleitung wird dann die Situation zeitnah pr\u00fcfen, da uns daran liegt eine solche Situation z\u00fcgig und angemessen zu kl\u00e4ren. Sollte dann die Situation nicht bereinigt werden k\u00f6nnen, bieten wir an eine mit Gleichbehandlung und Nichtdiskriminierung befasste Stelle in die Situation einzubeziehen.<\/span><br \/><span style=\"color: #000000;\">Das Agostea begr\u00fc\u00dft G\u00e4ste mit einer Behinderung. Unsere R\u00e4umlichkeiten sind barrierefrei.<\/span><br \/><span style=\"color: #000000;\">Wenn ihnen unsere Handlungsgrundlagen gefallen, freuen wir uns auf ihren Besuch und ihre Empfehlung an Andere.<\/span><\/h6><h6><span style=\"color: #000000;\">Das Agostea hat mit Unterst\u00fctzung des B\u00fcros zur Umsetzung von Gleichbehandlung e.V. (BUG) diese T\u00fcrpolitik erarbeitet.<\/span><\/h6>\t\t\t\t\t\t\t\t<\/div>\n\t\t\t\t<\/div>\n\t\t\t\t\t<\/div>\n\t\t\t\t<\/div>\n\t\t\t\t<\/div>\n\t\t","protected":false},"excerpt":{"rendered":"<p>Einlasspolitik des Agostea BambergDas Agostea begr\u00fc\u00dft alle G\u00e4ste unabh\u00e4ngig von ihrer kulturellen, ethnischen, religi\u00f6sen oder sexuellen Zugeh\u00f6rigkeit oder Identit\u00e4t, um eine gute Zeit bei uns zu verbringen. Diskriminierung hei\u00dfen wir an unserer T\u00fcr nicht gut. Unsere T\u00fcrsteher werden entsprechend angewiesen und nach diesen Grunds\u00e4tzen geschult.Nichts desto trotz kann es zu Abweisungen an unserer T\u00fcr kommen. [&hellip;]<\/p>\n","protected":false},"author":1,"featured_media":0,"parent":0,"menu_order":0,"comment_status":"closed","ping_status":"closed","template":"elementor_header_footer","meta":{"footnotes":""},"class_list":["post-197","page","type-page","status-publish","hentry"],"yoast_head":"<!-- This site is optimized with the Yoast SEO plugin v27.4 - https:\/\/yoast.com\/product\/yoast-seo-wordpress\/ -->\n<title>Einlass - AGOSTEA<\/title>\n<meta name=\"robots\" content=\"index, follow, max-snippet:-1, max-image-preview:large, max-video-preview:-1\" \/>\n<link rel=\"canonical\" href=\"https:\/\/agostea.de\/WP\/einlass\/\" \/>\n<meta property=\"og:locale\" content=\"de_DE\" \/>\n<meta property=\"og:type\" content=\"article\" \/>\n<meta property=\"og:title\" content=\"Einlass - AGOSTEA\" \/>\n<meta property=\"og:description\" content=\"Einlasspolitik des Agostea BambergDas Agostea begr\u00fc\u00dft alle G\u00e4ste unabh\u00e4ngig von ihrer kulturellen, ethnischen, religi\u00f6sen oder sexuellen Zugeh\u00f6rigkeit oder Identit\u00e4t, um eine gute Zeit bei uns zu verbringen. Diskriminierung hei\u00dfen wir an unserer T\u00fcr nicht gut. Unsere T\u00fcrsteher werden entsprechend angewiesen und nach diesen Grunds\u00e4tzen geschult.Nichts desto trotz kann es zu Abweisungen an unserer T\u00fcr kommen. [&hellip;]\" \/>\n<meta property=\"og:url\" content=\"https:\/\/agostea.de\/WP\/einlass\/\" \/>\n<meta property=\"og:site_name\" content=\"AGOSTEA\" \/>\n<meta property=\"article:modified_time\" content=\"2025-07-20T07:50:11+00:00\" \/>\n<meta name=\"twitter:card\" content=\"summary_large_image\" \/>\n<meta name=\"twitter:label1\" content=\"Gesch\u00e4tzte Lesezeit\" \/>\n\t<meta name=\"twitter:data1\" content=\"3\u00a0Minuten\" \/>\n<script type=\"application\/ld+json\" class=\"yoast-schema-graph\">{\"@context\":\"https:\\\/\\\/schema.org\",\"@graph\":[{\"@type\":\"WebPage\",\"@id\":\"https:\\\/\\\/agostea.de\\\/WP\\\/einlass\\\/\",\"url\":\"https:\\\/\\\/agostea.de\\\/WP\\\/einlass\\\/\",\"name\":\"Einlass - AGOSTEA\",\"isPartOf\":{\"@id\":\"https:\\\/\\\/agostea.de\\\/WP\\\/#website\"},\"datePublished\":\"2025-07-20T07:44:44+00:00\",\"dateModified\":\"2025-07-20T07:50:11+00:00\",\"breadcrumb\":{\"@id\":\"https:\\\/\\\/agostea.de\\\/WP\\\/einlass\\\/#breadcrumb\"},\"inLanguage\":\"de\",\"potentialAction\":[{\"@type\":\"ReadAction\",\"target\":[\"https:\\\/\\\/agostea.de\\\/WP\\\/einlass\\\/\"]}]},{\"@type\":\"BreadcrumbList\",\"@id\":\"https:\\\/\\\/agostea.de\\\/WP\\\/einlass\\\/#breadcrumb\",\"itemListElement\":[{\"@type\":\"ListItem\",\"position\":1,\"name\":\"Startseite\",\"item\":\"https:\\\/\\\/agostea.de\\\/WP\\\/\"},{\"@type\":\"ListItem\",\"position\":2,\"name\":\"Einlass\"}]},{\"@type\":\"WebSite\",\"@id\":\"https:\\\/\\\/agostea.de\\\/WP\\\/#website\",\"url\":\"https:\\\/\\\/agostea.de\\\/WP\\\/\",\"name\":\"AGOSTEA\",\"description\":\"\",\"potentialAction\":[{\"@type\":\"SearchAction\",\"target\":{\"@type\":\"EntryPoint\",\"urlTemplate\":\"https:\\\/\\\/agostea.de\\\/WP\\\/?s={search_term_string}\"},\"query-input\":{\"@type\":\"PropertyValueSpecification\",\"valueRequired\":true,\"valueName\":\"search_term_string\"}}],\"inLanguage\":\"de\"}]}<\/script>\n<!-- \/ Yoast SEO plugin. -->","yoast_head_json":{"title":"Einlass - AGOSTEA","robots":{"index":"index","follow":"follow","max-snippet":"max-snippet:-1","max-image-preview":"max-image-preview:large","max-video-preview":"max-video-preview:-1"},"canonical":"https:\/\/agostea.de\/WP\/einlass\/","og_locale":"de_DE","og_type":"article","og_title":"Einlass - AGOSTEA","og_description":"Einlasspolitik des Agostea BambergDas Agostea begr\u00fc\u00dft alle G\u00e4ste unabh\u00e4ngig von ihrer kulturellen, ethnischen, religi\u00f6sen oder sexuellen Zugeh\u00f6rigkeit oder Identit\u00e4t, um eine gute Zeit bei uns zu verbringen. Diskriminierung hei\u00dfen wir an unserer T\u00fcr nicht gut. Unsere T\u00fcrsteher werden entsprechend angewiesen und nach diesen Grunds\u00e4tzen geschult.Nichts desto trotz kann es zu Abweisungen an unserer T\u00fcr kommen. [&hellip;]","og_url":"https:\/\/agostea.de\/WP\/einlass\/","og_site_name":"AGOSTEA","article_modified_time":"2025-07-20T07:50:11+00:00","twitter_card":"summary_large_image","twitter_misc":{"Gesch\u00e4tzte Lesezeit":"3\u00a0Minuten"},"schema":{"@context":"https:\/\/schema.org","@graph":[{"@type":"WebPage","@id":"https:\/\/agostea.de\/WP\/einlass\/","url":"https:\/\/agostea.de\/WP\/einlass\/","name":"Einlass - AGOSTEA","isPartOf":{"@id":"https:\/\/agostea.de\/WP\/#website"},"datePublished":"2025-07-20T07:44:44+00:00","dateModified":"2025-07-20T07:50:11+00:00","breadcrumb":{"@id":"https:\/\/agostea.de\/WP\/einlass\/#breadcrumb"},"inLanguage":"de","potentialAction":[{"@type":"ReadAction","target":["https:\/\/agostea.de\/WP\/einlass\/"]}]},{"@type":"BreadcrumbList","@id":"https:\/\/agostea.de\/WP\/einlass\/#breadcrumb","itemListElement":[{"@type":"ListItem","position":1,"name":"Startseite","item":"https:\/\/agostea.de\/WP\/"},{"@type":"ListItem","position":2,"name":"Einlass"}]},{"@type":"WebSite","@id":"https:\/\/agostea.de\/WP\/#website","url":"https:\/\/agostea.de\/WP\/","name":"AGOSTEA","description":"","potentialAction":[{"@type":"SearchAction","target":{"@type":"EntryPoint","urlTemplate":"https:\/\/agostea.de\/WP\/?s={search_term_string}"},"query-input":{"@type":"PropertyValueSpecification","valueRequired":true,"valueName":"search_term_string"}}],"inLanguage":"de"}]}},"_links":{"self":[{"href":"https:\/\/agostea.de\/WP\/wp-json\/wp\/v2\/pages\/197","targetHints":{"allow":["GET"]}}],"collection":[{"href":"https:\/\/agostea.de\/WP\/wp-json\/wp\/v2\/pages"}],"about":[{"href":"https:\/\/agostea.de\/WP\/wp-json\/wp\/v2\/types\/page"}],"author":[{"embeddable":true,"href":"https:\/\/agostea.de\/WP\/wp-json\/wp\/v2\/users\/1"}],"replies":[{"embeddable":true,"href":"https:\/\/agostea.de\/WP\/wp-json\/wp\/v2\/comments?post=197"}],"version-history":[{"count":4,"href":"https:\/\/agostea.de\/WP\/wp-json\/wp\/v2\/pages\/197\/revisions"}],"predecessor-version":[{"id":204,"href":"https:\/\/agostea.de\/WP\/wp-json\/wp\/v2\/pages\/197\/revisions\/204"}],"wp:attachment":[{"href":"https:\/\/agostea.de\/WP\/wp-json\/wp\/v2\/media?parent=197"}],"curies":[{"name":"wp","href":"https:\/\/api.w.org\/{rel}","templated":true}]}}