{"id":208,"date":"2025-07-20T09:51:21","date_gmt":"2025-07-20T07:51:21","guid":{"rendered":"https:\/\/agostea.de\/WP\/?page_id=208"},"modified":"2025-07-20T09:54:11","modified_gmt":"2025-07-20T07:54:11","slug":"impressum","status":"publish","type":"page","link":"https:\/\/agostea.de\/WP\/impressum\/","title":{"rendered":"Impressum"},"content":{"rendered":"\t\t<div data-elementor-type=\"wp-page\" data-elementor-id=\"208\" class=\"elementor elementor-208\">\n\t\t\t\t<div class=\"elementor-element elementor-element-5f9022b e-grid e-con-boxed e-con e-parent\" data-id=\"5f9022b\" data-element_type=\"container\" data-e-type=\"container\" data-settings=\"{&quot;background_background&quot;:&quot;classic&quot;}\">\n\t\t\t\t\t<div class=\"e-con-inner\">\n\t\t<div class=\"elementor-element elementor-element-4fcf30d e-con-full e-flex e-con e-child\" data-id=\"4fcf30d\" data-element_type=\"container\" data-e-type=\"container\">\n\t\t\t\t<div class=\"elementor-element elementor-element-36f1ece elementor-widget__width-initial elementor-widget elementor-widget-text-editor\" data-id=\"36f1ece\" data-element_type=\"widget\" data-e-type=\"widget\" data-widget_type=\"text-editor.default\">\n\t\t\t\t\t\t\t\t\t<p><strong><span style=\"color: #000000;\">Impressum<\/span><\/strong><\/p><p><span style=\"color: #000000;\">Angaben gem\u00e4\u00df \u00a7 5 TMG<\/span><\/p><p><span style=\"color: #000000;\">Agostea Bamberg<\/span><br \/><span style=\"color: #000000;\">Inh. Megjit Shabani e.K.<\/span><br \/><span style=\"color: #000000;\">Ludwigstra\u00dfe 25<\/span><br \/><span style=\"color: #000000;\">96052 Bamberg<\/span><\/p><p><strong><span style=\"color: #000000;\">Kontakt:<\/span><\/strong><br \/><span style=\"color: #000000;\">E-Mail: <a href=\"mailto:info@agostea.de\">info@agostea.de<\/a><\/span><br \/><span style=\"color: #000000;\">Telefon: 0951 30 90 470<\/span><\/p><p><span style=\"color: #000000;\"><strong>Umsatzsteuer-ID:<\/strong> DE452426523<\/span><br \/><span style=\"color: #000000;\">Umsatzsteuer-Identifikationsnummer gem\u00e4\u00df \u00a727a Umsatzsteuergesetz:<\/span><\/p><p><strong><span style=\"color: #000000;\">Steuernummer:<\/span><\/strong><br \/><span style=\"color: #000000;\">207\/274\/33342 beim Finanzamt Bamberg<\/span><\/p><p><strong><span style=\"color: #000000;\">Aufsichtsbeh\u00f6rde:<\/span><\/strong><br \/><span style=\"color: #000000;\">Ordnungsamt Bamberg<\/span><\/p><p><span style=\"color: #000000;\">Im \u00fcbrigen gelten unsere Allgemeinen Gesch\u00e4ftsbedingungen.<\/span><\/p><p><strong><span style=\"color: #000000;\">Haftungsausschluss<\/span><\/strong><\/p><p><strong><span style=\"color: #000000;\">1. Inhalt des Onlineangebotes<\/span><\/strong><br \/><span style=\"color: #000000;\">Der Autor \u00fcbernimmt keinerlei Gew\u00e4hr f\u00fcr die Aktualit\u00e4t, Korrektheit, Vollst\u00e4ndigkeit oder Qualit\u00e4t der bereitgestellten Informationen. Haftungsanspr\u00fcche gegen den Autor, welche sich auf Sch\u00e4den materieller oder ideeller Art beziehen, die durch die Nutzung oder Nichtnutzung der dargebotenen Informationen bzw. durch die Nutzung fehlerhafter und unvollst\u00e4ndiger Informationen verursacht wurden, sind grunds\u00e4tzlich ausgeschlossen, sofern seitens des Autors kein nachweislich vors\u00e4tzliches oder grob fahrl\u00e4ssiges Verschulden vorliegt.<\/span><br \/><span style=\"color: #000000;\">Alle Angebote sind freibleibend und unverbindlich. Der Autor beh\u00e4lt es sich ausdr\u00fccklich vor, Teile der Seiten oder das gesamte Angebot ohne gesonderte Ank\u00fcndigung zu ver\u00e4ndern, zu erg\u00e4nzen, zu l\u00f6schen oder die Ver\u00f6ffentlichung zeitweise oder endg\u00fcltig einzustellen.<\/span><br \/><strong><span style=\"color: #000000;\">2. Verweise und Links<\/span><\/strong><br \/><span style=\"color: #000000;\">Bei direkten oder indirekten Verweisen auf fremde Webseiten (&#8222;Hyperlinks&#8220;), die au\u00dferhalb des Verantwortungsbereiches des Autors liegen, w\u00fcrde eine Haftungsverpflichtung ausschlie\u00dflich in dem Fall in Kraft treten, in dem der Autor von den Inhalten Kenntnis hat und es ihm technisch m\u00f6glich und zumutbar w\u00e4re, die Nutzung im Falle rechtswidriger Inhalte zu verhindern.<\/span><br \/><span style=\"color: #000000;\">Der Autor erkl\u00e4rt hiermit ausdr\u00fccklich, dass zum Zeitpunkt der Linksetzung keine illegalen Inhalte auf den zu verlinkenden Seiten erkennbar waren. Auf die aktuelle und zuk\u00fcnftige Gestaltung, die Inhalte oder die Urheberschaft der gelinkten\/verkn\u00fcpften Seiten hat der Autor keinerlei Einfluss. Deshalb distanziert er sich hiermit ausdr\u00fccklich von allen Inhalten aller gelinkten \/verkn\u00fcpften Seiten, die nach der Linksetzung ver\u00e4ndert wurden. Diese Feststellung gilt f\u00fcr alle innerhalb des eigenen Internetangebotes gesetzten Links und Verweise sowie f\u00fcr Fremdeintr\u00e4ge in vom Autor eingerichteten G\u00e4steb\u00fcchern, Diskussionsforen und Mailinglisten. F\u00fcr illegale, fehlerhafte oder unvollst\u00e4ndige Inhalte und insbesondere f\u00fcr Sch\u00e4den, die aus der Nutzung oder Nichtnutzung solcherart dargebotener Informationen entstehen, haftet allein der Anbieter der Seite, auf welche verwiesen wurde, nicht derjenige, der \u00fcber Links auf die jeweilige Ver\u00f6ffentlichung lediglich verweist.<\/span><br \/><strong><span style=\"color: #000000;\">3. Urheber- und Kennzeichenrecht<\/span><\/strong><br \/><span style=\"color: #000000;\">Der Autor ist bestrebt, in allen Publikationen die Urheberrechte der verwendeten Grafiken, Tondokumente, Videosequenzen und Texte zu beachten, von ihm selbst erstellte Grafiken, Tondokumente, Videosequenzen und Texte zu nutzen oder auf lizenzfreie Grafiken, Tondokumente, Videosequenzen und Texte zur\u00fcckzugreifen. Alle innerhalb des Internetangebotes genannten und ggf. durch Dritte gesch\u00fctzten Marken- und Warenzeichen unterliegen uneingeschr\u00e4nkt den Bestimmungen des jeweils g\u00fcltigen Kennzeichenrechts und den Besitzrechten der jeweiligen eingetragenen Eigent\u00fcmer. Allein aufgrund der blo\u00dfen Nennung ist nicht der Schluss zu ziehen, dass Markenzeichen nicht durch Rechte Dritter gesch\u00fctzt sind! Das Copyright f\u00fcr ver\u00f6ffentlichte, vom Autor selbst erstellte Objekte bleibt allein beim Autor der Seiten. Eine Vervielf\u00e4ltigung oder Verwendung solcher Grafiken, Tondokumente, Videosequenzen und Texte in anderen elektronischen oder gedruckten Publikationen ist ohne ausdr\u00fcckliche Zustimmung des Autors nicht gestattet.<\/span><br \/><strong><span style=\"color: #000000;\">4. Datenschutz<\/span><\/strong><br \/><span style=\"color: #000000;\">Sofern innerhalb des Internetangebotes die M\u00f6glichkeit zur Eingabe pers\u00f6nlicher oder gesch\u00e4ftlicher Daten (Emailadressen, Namen, Anschriften) besteht, so erfolgt die Preisgabe dieser Daten seitens des Nutzers auf ausdr\u00fccklich freiwilliger Basis. Die Inanspruchnahme und Bezahlung aller angebotenen Dienste ist &#8211; soweit technisch m\u00f6glich und zumutbar &#8211; auch ohne Angabe solcher Daten bzw. unter Angabe anonymisierter Daten oder eines Pseudonyms gestattet. Die Nutzung der im Rahmen des Impressums oder vergleichbarer Angaben ver\u00f6ffentlichten Kontaktdaten wie Postanschriften, Telefon- und Faxnummern sowie Emailadressen durch Dritte zur \u00dcbersendung von nicht ausdr\u00fccklich angeforderten Informationen ist nicht gestattet. Rechtliche Schritte gegen die Versender von sogenannten Spam -Mails bei Verst\u00f6\u00dfen gegen dieses Verbot sind ausdr\u00fccklich vorbehalten.<\/span><br \/><strong><span style=\"color: #000000;\">5. Rechtswirksamkeit dieses Haftungsausschlusses<\/span><\/strong><br \/><span style=\"color: #000000;\">Dieser Haftungsausschluss ist als Teil des Internetangebotes zu betrachten, von dem aus auf diese Seite verwiesen wurde. Sofern Teile oder einzelne Formulierungen dieses Textes der geltenden Rechtslage nicht, nicht mehr oder nicht vollst\u00e4ndig entsprechen sollten, bleiben die \u00fcbrigen Teile des Dokumentes in ihrem Inhalt und ihrer G\u00fcltigkeit davon unber\u00fchrt.<\/span><\/p><p><span style=\"color: #000000;\">Es kann vorkommen, dass auf unserem Internetauftritt Inhalte Dritter, wie zum Beispiel Videos von YouTube, Kartenmaterial von Google-Maps oder RSS-Feeds eingebunden werden. Dies setzt immer voraus, dass die Anbieter dieser Inhalte (nachfolgend bezeichnet als &#8222;Dritt-Anbieter&#8220;) die IP-Adresse der Nutzer wahrnehmen. Denn ohne die IP-Adresse, k\u00f6nnten sie die Inhalte nicht an den Browser des jeweiligen Nutzers senden. Wir bem\u00fchen uns nur solche Inhalte zu verwenden, deren jeweilige Anbieter die IP-Adresse lediglich zur Auslieferung der Inhalte verwenden. Jedoch haben wir keinen Einfluss darauf, falls die Dritt-Anbieter die IP-Adresse z.B. f\u00fcr statistische Zwecke speichern.<\/span><\/p>\t\t\t\t\t\t\t\t<\/div>\n\t\t\t\t<\/div>\n\t\t\t\t\t<\/div>\n\t\t\t\t<\/div>\n\t\t\t\t<\/div>\n\t\t","protected":false},"excerpt":{"rendered":"<p>Impressum Angaben gem\u00e4\u00df \u00a7 5 TMG Agostea BambergInh. Megjit Shabani e.K.Ludwigstra\u00dfe 2596052 Bamberg Kontakt:E-Mail: info@agostea.deTelefon: 0951 30 90 470 Umsatzsteuer-ID: DE452426523Umsatzsteuer-Identifikationsnummer gem\u00e4\u00df \u00a727a Umsatzsteuergesetz: Steuernummer:207\/274\/33342 beim Finanzamt Bamberg Aufsichtsbeh\u00f6rde:Ordnungsamt Bamberg Im \u00fcbrigen gelten unsere Allgemeinen Gesch\u00e4ftsbedingungen. Haftungsausschluss 1. Inhalt des OnlineangebotesDer Autor \u00fcbernimmt keinerlei Gew\u00e4hr f\u00fcr die Aktualit\u00e4t, Korrektheit, Vollst\u00e4ndigkeit oder Qualit\u00e4t der bereitgestellten Informationen. [&hellip;]<\/p>\n","protected":false},"author":1,"featured_media":0,"parent":0,"menu_order":0,"comment_status":"closed","ping_status":"closed","template":"elementor_header_footer","meta":{"footnotes":""},"class_list":["post-208","page","type-page","status-publish","hentry"],"yoast_head":"<!-- This site is optimized with the Yoast SEO plugin v27.4 - https:\/\/yoast.com\/product\/yoast-seo-wordpress\/ -->\n<title>Impressum - AGOSTEA<\/title>\n<meta name=\"robots\" content=\"index, follow, max-snippet:-1, max-image-preview:large, max-video-preview:-1\" \/>\n<link rel=\"canonical\" href=\"https:\/\/agostea.de\/WP\/impressum\/\" \/>\n<meta property=\"og:locale\" content=\"de_DE\" \/>\n<meta property=\"og:type\" content=\"article\" \/>\n<meta property=\"og:title\" content=\"Impressum - AGOSTEA\" \/>\n<meta property=\"og:description\" content=\"Impressum Angaben gem\u00e4\u00df \u00a7 5 TMG Agostea BambergInh. Megjit Shabani e.K.Ludwigstra\u00dfe 2596052 Bamberg Kontakt:E-Mail: info@agostea.deTelefon: 0951 30 90 470 Umsatzsteuer-ID: DE452426523Umsatzsteuer-Identifikationsnummer gem\u00e4\u00df \u00a727a Umsatzsteuergesetz: Steuernummer:207\/274\/33342 beim Finanzamt Bamberg Aufsichtsbeh\u00f6rde:Ordnungsamt Bamberg Im \u00fcbrigen gelten unsere Allgemeinen Gesch\u00e4ftsbedingungen. Haftungsausschluss 1. Inhalt des OnlineangebotesDer Autor \u00fcbernimmt keinerlei Gew\u00e4hr f\u00fcr die Aktualit\u00e4t, Korrektheit, Vollst\u00e4ndigkeit oder Qualit\u00e4t der bereitgestellten Informationen. [&hellip;]\" \/>\n<meta property=\"og:url\" content=\"https:\/\/agostea.de\/WP\/impressum\/\" \/>\n<meta property=\"og:site_name\" content=\"AGOSTEA\" \/>\n<meta property=\"article:modified_time\" content=\"2025-07-20T07:54:11+00:00\" \/>\n<meta name=\"twitter:card\" content=\"summary_large_image\" \/>\n<meta name=\"twitter:label1\" content=\"Gesch\u00e4tzte Lesezeit\" \/>\n\t<meta name=\"twitter:data1\" content=\"4\u00a0Minuten\" \/>\n<script type=\"application\/ld+json\" class=\"yoast-schema-graph\">{\"@context\":\"https:\\\/\\\/schema.org\",\"@graph\":[{\"@type\":\"WebPage\",\"@id\":\"https:\\\/\\\/agostea.de\\\/WP\\\/impressum\\\/\",\"url\":\"https:\\\/\\\/agostea.de\\\/WP\\\/impressum\\\/\",\"name\":\"Impressum - AGOSTEA\",\"isPartOf\":{\"@id\":\"https:\\\/\\\/agostea.de\\\/WP\\\/#website\"},\"datePublished\":\"2025-07-20T07:51:21+00:00\",\"dateModified\":\"2025-07-20T07:54:11+00:00\",\"breadcrumb\":{\"@id\":\"https:\\\/\\\/agostea.de\\\/WP\\\/impressum\\\/#breadcrumb\"},\"inLanguage\":\"de\",\"potentialAction\":[{\"@type\":\"ReadAction\",\"target\":[\"https:\\\/\\\/agostea.de\\\/WP\\\/impressum\\\/\"]}]},{\"@type\":\"BreadcrumbList\",\"@id\":\"https:\\\/\\\/agostea.de\\\/WP\\\/impressum\\\/#breadcrumb\",\"itemListElement\":[{\"@type\":\"ListItem\",\"position\":1,\"name\":\"Startseite\",\"item\":\"https:\\\/\\\/agostea.de\\\/WP\\\/\"},{\"@type\":\"ListItem\",\"position\":2,\"name\":\"Impressum\"}]},{\"@type\":\"WebSite\",\"@id\":\"https:\\\/\\\/agostea.de\\\/WP\\\/#website\",\"url\":\"https:\\\/\\\/agostea.de\\\/WP\\\/\",\"name\":\"AGOSTEA\",\"description\":\"\",\"potentialAction\":[{\"@type\":\"SearchAction\",\"target\":{\"@type\":\"EntryPoint\",\"urlTemplate\":\"https:\\\/\\\/agostea.de\\\/WP\\\/?s={search_term_string}\"},\"query-input\":{\"@type\":\"PropertyValueSpecification\",\"valueRequired\":true,\"valueName\":\"search_term_string\"}}],\"inLanguage\":\"de\"}]}<\/script>\n<!-- \/ Yoast SEO plugin. -->","yoast_head_json":{"title":"Impressum - AGOSTEA","robots":{"index":"index","follow":"follow","max-snippet":"max-snippet:-1","max-image-preview":"max-image-preview:large","max-video-preview":"max-video-preview:-1"},"canonical":"https:\/\/agostea.de\/WP\/impressum\/","og_locale":"de_DE","og_type":"article","og_title":"Impressum - AGOSTEA","og_description":"Impressum Angaben gem\u00e4\u00df \u00a7 5 TMG Agostea BambergInh. Megjit Shabani e.K.Ludwigstra\u00dfe 2596052 Bamberg Kontakt:E-Mail: info@agostea.deTelefon: 0951 30 90 470 Umsatzsteuer-ID: DE452426523Umsatzsteuer-Identifikationsnummer gem\u00e4\u00df \u00a727a Umsatzsteuergesetz: Steuernummer:207\/274\/33342 beim Finanzamt Bamberg Aufsichtsbeh\u00f6rde:Ordnungsamt Bamberg Im \u00fcbrigen gelten unsere Allgemeinen Gesch\u00e4ftsbedingungen. Haftungsausschluss 1. Inhalt des OnlineangebotesDer Autor \u00fcbernimmt keinerlei Gew\u00e4hr f\u00fcr die Aktualit\u00e4t, Korrektheit, Vollst\u00e4ndigkeit oder Qualit\u00e4t der bereitgestellten Informationen. [&hellip;]","og_url":"https:\/\/agostea.de\/WP\/impressum\/","og_site_name":"AGOSTEA","article_modified_time":"2025-07-20T07:54:11+00:00","twitter_card":"summary_large_image","twitter_misc":{"Gesch\u00e4tzte Lesezeit":"4\u00a0Minuten"},"schema":{"@context":"https:\/\/schema.org","@graph":[{"@type":"WebPage","@id":"https:\/\/agostea.de\/WP\/impressum\/","url":"https:\/\/agostea.de\/WP\/impressum\/","name":"Impressum - AGOSTEA","isPartOf":{"@id":"https:\/\/agostea.de\/WP\/#website"},"datePublished":"2025-07-20T07:51:21+00:00","dateModified":"2025-07-20T07:54:11+00:00","breadcrumb":{"@id":"https:\/\/agostea.de\/WP\/impressum\/#breadcrumb"},"inLanguage":"de","potentialAction":[{"@type":"ReadAction","target":["https:\/\/agostea.de\/WP\/impressum\/"]}]},{"@type":"BreadcrumbList","@id":"https:\/\/agostea.de\/WP\/impressum\/#breadcrumb","itemListElement":[{"@type":"ListItem","position":1,"name":"Startseite","item":"https:\/\/agostea.de\/WP\/"},{"@type":"ListItem","position":2,"name":"Impressum"}]},{"@type":"WebSite","@id":"https:\/\/agostea.de\/WP\/#website","url":"https:\/\/agostea.de\/WP\/","name":"AGOSTEA","description":"","potentialAction":[{"@type":"SearchAction","target":{"@type":"EntryPoint","urlTemplate":"https:\/\/agostea.de\/WP\/?s={search_term_string}"},"query-input":{"@type":"PropertyValueSpecification","valueRequired":true,"valueName":"search_term_string"}}],"inLanguage":"de"}]}},"_links":{"self":[{"href":"https:\/\/agostea.de\/WP\/wp-json\/wp\/v2\/pages\/208","targetHints":{"allow":["GET"]}}],"collection":[{"href":"https:\/\/agostea.de\/WP\/wp-json\/wp\/v2\/pages"}],"about":[{"href":"https:\/\/agostea.de\/WP\/wp-json\/wp\/v2\/types\/page"}],"author":[{"embeddable":true,"href":"https:\/\/agostea.de\/WP\/wp-json\/wp\/v2\/users\/1"}],"replies":[{"embeddable":true,"href":"https:\/\/agostea.de\/WP\/wp-json\/wp\/v2\/comments?post=208"}],"version-history":[{"count":4,"href":"https:\/\/agostea.de\/WP\/wp-json\/wp\/v2\/pages\/208\/revisions"}],"predecessor-version":[{"id":212,"href":"https:\/\/agostea.de\/WP\/wp-json\/wp\/v2\/pages\/208\/revisions\/212"}],"wp:attachment":[{"href":"https:\/\/agostea.de\/WP\/wp-json\/wp\/v2\/media?parent=208"}],"curies":[{"name":"wp","href":"https:\/\/api.w.org\/{rel}","templated":true}]}}